{"id":13,"date":"2019-10-23T15:46:05","date_gmt":"2019-10-23T13:46:05","guid":{"rendered":"http:\/\/detailingfactory.pl\/?page_id=13"},"modified":"2025-03-19T23:28:35","modified_gmt":"2025-03-19T22:28:35","slug":"o-nas","status":"publish","type":"page","link":"https:\/\/detailingfactory.pl\/index.php\/o-nas\/","title":{"rendered":"O NAS"},"content":{"rendered":"\t\t<div data-elementor-type=\"wp-page\" data-elementor-id=\"13\" class=\"elementor elementor-13\" data-elementor-post-type=\"page\">\n\t\t\t\t\t\t<section class=\"elementor-section elementor-top-section elementor-element elementor-element-a719aee elementor-section-content-middle elementor-section-stretched elementor-section-full_width elementor-section-height-default elementor-section-height-default\" data-id=\"a719aee\" data-element_type=\"section\" data-settings=\"{&quot;background_background&quot;:&quot;classic&quot;,&quot;stretch_section&quot;:&quot;section-stretched&quot;}\">\n\t\t\t\t\t\t<div class=\"elementor-container elementor-column-gap-no\">\n\t\t\t\t\t<div class=\"elementor-column elementor-col-50 elementor-top-column elementor-element elementor-element-6c3799e\" data-id=\"6c3799e\" data-element_type=\"column\">\n\t\t\t<div class=\"elementor-widget-wrap elementor-element-populated\">\n\t\t\t\t\t\t<div class=\"elementor-element elementor-element-a8367ec elementor-widget elementor-widget-image\" data-id=\"a8367ec\" data-element_type=\"widget\" data-widget_type=\"image.default\">\n\t\t\t\t<div class=\"elementor-widget-container\">\n\t\t\t\t\t\t\t\t\t\t\t\t\t<img fetchpriority=\"high\" decoding=\"async\" width=\"550\" height=\"825\" src=\"https:\/\/detailingfactory.pl\/wp-content\/uploads\/2019\/11\/b81199e110abd1790204592c5c164141.jpg\" class=\"attachment-large size-large wp-image-38\" alt=\"\" srcset=\"https:\/\/detailingfactory.pl\/wp-content\/uploads\/2019\/11\/b81199e110abd1790204592c5c164141.jpg 550w, https:\/\/detailingfactory.pl\/wp-content\/uploads\/2019\/11\/b81199e110abd1790204592c5c164141-200x300.jpg 200w\" sizes=\"(max-width: 550px) 100vw, 550px\" \/>\t\t\t\t\t\t\t\t\t\t\t\t\t<\/div>\n\t\t\t\t<\/div>\n\t\t\t\t\t<\/div>\n\t\t<\/div>\n\t\t\t\t<div class=\"elementor-column elementor-col-50 elementor-top-column elementor-element elementor-element-30187de\" data-id=\"30187de\" data-element_type=\"column\" data-settings=\"{&quot;background_background&quot;:&quot;classic&quot;}\">\n\t\t\t<div class=\"elementor-widget-wrap elementor-element-populated\">\n\t\t\t\t\t\t<div class=\"elementor-element elementor-element-2b4f596 elementor-invisible elementor-widget elementor-widget-heading\" data-id=\"2b4f596\" data-element_type=\"widget\" data-settings=\"{&quot;_animation&quot;:&quot;fadeInRight&quot;}\" data-widget_type=\"heading.default\">\n\t\t\t\t<div class=\"elementor-widget-container\">\n\t\t\t<h4 class=\"elementor-heading-title elementor-size-default\">O NAS<\/h4>\t\t<\/div>\n\t\t\t\t<\/div>\n\t\t\t\t<div class=\"elementor-element elementor-element-b7f9a75 elementor-drop-cap-yes elementor-drop-cap-view-default elementor-invisible elementor-widget elementor-widget-text-editor\" data-id=\"b7f9a75\" data-element_type=\"widget\" data-settings=\"{&quot;drop_cap&quot;:&quot;yes&quot;,&quot;_animation&quot;:&quot;fadeInRight&quot;}\" data-widget_type=\"text-editor.default\">\n\t\t\t\t<div class=\"elementor-widget-container\">\n\t\t\t\t\t\t\t<p>Zapraszamy do naszego studia autodetailingu. \u0141\u0105czymy prac\u0119 zawodow\u0105 z pasj\u0105 do motoryzacji. Bardzo du\u017ce do\u015bwiadczenie w po\u0142\u0105czeniu z najnowszymi technologiami, najbardziej wyselekcjonowanymi kosmetykami sprawi\u0105, \u017ce wasze auto b\u0119dzie l\u015bni\u0107.<\/p><p>Jeste\u015bmy m\u0142odymi lud\u017ami, kt\u00f3rzy kochaj\u0105 piel\u0119gnowa\u0107 auta. Mamy za sob\u0105 wiele szkole\u0144, posiadamy certyfikaty wiod\u0105cych producent\u00f3w pow\u0142ok ceramicznych. Pracujemy tylko na sprawdzonych kosmetykach, maszynach polerskich oraz akcesoriach.\u00a0<\/p><p>Zajmujemy si\u0119 mi\u0119dzy innymi: zabezpieczeniami ceramicznymi, korekt\u0105 lakieru, czyszczeniem oraz impregnacj\u0105 sk\u00f3r, praniem tapicerki materia\u0142owej, woskowaniem lakieru, renowacj\u0105 sk\u00f3r, aplikacj\u0105 bezbarwnej folii ochronnej PPF, przygotowujemy auta na sprzeda\u017c oraz pomagamy przy zakupie.\u00a0\u00a0<\/p>\t\t\t\t\t\t<\/div>\n\t\t\t\t<\/div>\n\t\t\t\t<div class=\"elementor-element elementor-element-6f15ba4 elementor-invisible elementor-widget elementor-widget-button\" data-id=\"6f15ba4\" data-element_type=\"widget\" data-settings=\"{&quot;_animation&quot;:&quot;fadeInUp&quot;}\" data-widget_type=\"button.default\">\n\t\t\t\t<div class=\"elementor-widget-container\">\n\t\t\t\t\t<div class=\"elementor-button-wrapper\">\n\t\t\t<a class=\"elementor-button elementor-button-link elementor-size-sm\" href=\"https:\/\/detailingfactory.pl\/index.php\/oferta\/\">\n\t\t\t\t\t\t<span class=\"elementor-button-content-wrapper\">\n\t\t\t\t\t\t\t\t\t<span class=\"elementor-button-text\">OFERTA<\/span>\n\t\t\t\t\t<\/span>\n\t\t\t\t\t<\/a>\n\t\t<\/div>\n\t\t\t\t<\/div>\n\t\t\t\t<\/div>\n\t\t\t\t\t<\/div>\n\t\t<\/div>\n\t\t\t\t\t<\/div>\n\t\t<\/section>\n\t\t\t\t<\/div>\n\t\t","protected":false},"excerpt":{"rendered":"<p>O NAS Zapraszamy do naszego studia autodetailingu. \u0141\u0105czymy prac\u0119 zawodow\u0105 z pasj\u0105 do motoryzacji. Bardzo du\u017ce do\u015bwiadczenie w po\u0142\u0105czeniu z najnowszymi technologiami, najbardziej wyselekcjonowanymi kosmetykami sprawi\u0105, \u017ce wasze auto b\u0119dzie l\u015bni\u0107. Jeste\u015bmy m\u0142odymi lud\u017ami, kt\u00f3rzy kochaj\u0105 piel\u0119gnowa\u0107 auta. Mamy za sob\u0105 wiele szkole\u0144, posiadamy certyfikaty wiod\u0105cych producent\u00f3w pow\u0142ok ceramicznych. Pracujemy tylko na sprawdzonych kosmetykach, maszynach [&hellip;]<\/p>\n","protected":false},"author":1,"featured_media":0,"parent":0,"menu_order":0,"comment_status":"closed","ping_status":"closed","template":"","meta":{"footnotes":""},"class_list":["post-13","page","type-page","status-publish","hentry","entry"],"_links":{"self":[{"href":"https:\/\/detailingfactory.pl\/index.php\/wp-json\/wp\/v2\/pages\/13"}],"collection":[{"href":"https:\/\/detailingfactory.pl\/index.php\/wp-json\/wp\/v2\/pages"}],"about":[{"href":"https:\/\/detailingfactory.pl\/index.php\/wp-json\/wp\/v2\/types\/page"}],"author":[{"embeddable":true,"href":"https:\/\/detailingfactory.pl\/index.php\/wp-json\/wp\/v2\/users\/1"}],"replies":[{"embeddable":true,"href":"https:\/\/detailingfactory.pl\/index.php\/wp-json\/wp\/v2\/comments?post=13"}],"version-history":[{"count":21,"href":"https:\/\/detailingfactory.pl\/index.php\/wp-json\/wp\/v2\/pages\/13\/revisions"}],"predecessor-version":[{"id":302,"href":"https:\/\/detailingfactory.pl\/index.php\/wp-json\/wp\/v2\/pages\/13\/revisions\/302"}],"wp:attachment":[{"href":"https:\/\/detailingfactory.pl\/index.php\/wp-json\/wp\/v2\/media?parent=13"}],"curies":[{"name":"wp","href":"https:\/\/api.w.org\/{rel}","templated":true}]}}